{"id":145,"date":"2025-01-28T08:50:23","date_gmt":"2025-01-28T08:50:23","guid":{"rendered":"https:\/\/m-s-s.dk.wintherhedegaard.dk\/?page_id=145"},"modified":"2025-01-30T17:56:44","modified_gmt":"2025-01-30T17:56:44","slug":"rally","status":"publish","type":"page","link":"https:\/\/m-s-s.dk\/?page_id=145","title":{"rendered":"Rally"},"content":{"rendered":"\n<figure class=\"wp-block-image aligncenter\"><a href=\"http:\/\/m-s-s.dk\/wp-content\/uploads\/sites\/11\/2013\/02\/2016-Rally-side-1.png\"><img decoding=\"async\" src=\"http:\/\/m-s-s.dk\/wp-content\/uploads\/sites\/11\/2013\/02\/2016-Rally-side-1.png\" alt=\"2016-rally-side-1\" class=\"wp-image-4817\"\/><\/a><\/figure>\n\n\n\n<h2 class=\"wp-block-heading\"><strong>Vil du udfordre sidste \u00e5rs Rally mester?<\/strong><\/h2>\n\n\n\n<h3 class=\"wp-block-heading\"><strong>\u2013 eller kan mindre g\u00f8re det?<\/strong><\/h3>\n\n\n\n<p>Uanset dit ambitionsniveau, s\u00e5 har du fundet det rigtige sted at starte.<\/p>\n\n\n\n<h3 class=\"wp-block-heading\"><strong>Hvordan kommer jeg i gang med rally?<\/strong><\/h3>\n\n\n\n<p>Vi skal alle starte et sted, og hvis det er rallysporten, s\u00e5 starter det med klubrally. N\u00e5r du har gennemf\u00f8rt et klubrallykursus og mindst seks klubrallyl\u00f8b, kan du indl\u00f8se licens til rally, og s\u00e5 kan det g\u00e5 st\u00e6rkt.<\/p>\n\n\n\n<figure class=\"wp-block-image alignright\"><a href=\"http:\/\/m-s-s.dk\/wp-content\/uploads\/sites\/11\/2013\/02\/2016-Rally-side-2.png\"><img decoding=\"async\" src=\"http:\/\/m-s-s.dk\/wp-content\/uploads\/sites\/11\/2013\/02\/2016-Rally-side-2.png\" alt=\"2016-rally-side-2\" class=\"wp-image-4818\"\/><\/a><\/figure>\n\n\n\n<p class=\"has-large-font-size\"><strong>Det begynder med klubrallykursus<\/strong><\/p>\n\n\n\n<p>Inden du kan f\u00e5 lov til at k\u00f8re med i rigtige rallyl\u00f8b, skal du igennem et klubrallykursus, som best\u00e5r af instruktion og pr\u00f8vek\u00f8rsel under kyndig vejledning. Det foreg\u00e5r som regel i for\u00e5ret inden turneringerne begynder. Her er der hj\u00e6lp at hente fra rutinerede k\u00f8rere, som gerne vil l\u00e6re fra sig.<\/p>\n\n\n\n<p>De fleste klubber der arrangerer klubrally afholder ogs\u00e5 kurser og gerne p\u00e5 opfordring \u2013 s\u00e5 hold dig ikke tilbage \u2013<\/p>\n\n\n\n<p>N\u00e5r du har f\u00e5et din klubrallylicens, s\u00e5 er der rig lejlighed til at k\u00f8re l\u00f8b overalt i landet.<\/p>\n\n\n\n<p>Kontakt en af DASU\u2019s klubber for at komme videre.<\/p>\n\n\n\n<p>I MSS arrangere vi ikke Rally, men vi har medlemmer der k\u00f8rer Rally og en del medlemmer som er Officials til Rally der arrangeres af andre.<\/p>\n\n\n\n<p>Du kan se mere p\u00e5&nbsp;<a href=\"http:\/\/www.dasu.dk\/\"><strong><em>dasu.dk<\/em><\/strong><\/a><\/p>\n\n\n\n<p><\/p>\n\n\n\n<h3 class=\"wp-block-heading\"><strong>Er det ikke dyrt og kr\u00e6ves der s\u00e6rligt sikkerhedsudstyr?<\/strong><\/h3>\n\n\n\n<p>Man kan deltage i en hvilken som helst almindelig bil. Det viser sig dog ofte, at deltagerne har trang til at lave forbedringer. De \u201cfrivillige\u201d omkostninger overstiger langt, hvad det kr\u00e6vede udstyr koster.<\/p>\n\n\n\n<p>Hvor dyrt det skal v\u00e6re afh\u00e6nger helt af dine egne ambitioner. Du kan deltage i en klasse for standardbiler p\u00e5 klassede d\u00e6k \u2013 dvs. at alle k\u00f8rer p\u00e5 samme d\u00e6km\u00e6rke \u2013 s\u00e5 har du godt styr p\u00e5 omkostningerne.<\/p>\n\n\n\n<p>Der stilles kun krav om at deltagerne skal anvende en godkendt styrthjelm. Bilen skal desuden som minimum udrustes med en f\u00f8rstehj\u00e6lpskasse, en 2 kg ildslukker samt almindelige sikkerhedsseler og en advarselstrekant.&nbsp;&nbsp;<\/p>\n\n\n\n<p>Der stilles ikke krav om sikkerhedsbur eller styrtb\u00f8jle.<\/p>\n\n\n\n<h3 class=\"wp-block-heading\"><strong>Hvad er s\u00e5 klubrally?<a href=\"http:\/\/m-s-s.dk\/wp-content\/uploads\/sites\/11\/2013\/02\/2016-Rally-side-3.png\"><\/a><\/strong><\/h3>\n\n\n\n<p>Klubrally k\u00f8res typisk p\u00e5 mindre industriarealer, hvor kegler s\u00e6ttes op som forhindringer. Et klubrallyl\u00f8b g\u00e5r ud p\u00e5 at gennemk\u00f8re et antal hastighedspr\u00f8ver p\u00e5 kortest mulig tid og best\u00e5r typisk af 8-12 pr\u00f8ver. Klubrally k\u00f8res med to personer i bilen, og hastighedspr\u00f8ven er tilrettelagt s\u00e5ledes, at der er et rimeligt samspil mellem f\u00f8rerens k\u00f8ref\u00e6rdigheder og anden k\u00f8rerens evne til at dirigere holdet den rigtige vej rundt \u2013 men tag ikke fejl \u2013 det g\u00e5r forrygende st\u00e6rkt.<\/p>\n\n\n\n<h3 class=\"wp-block-heading\">Klubrally<\/h3>\n\n\n\n<p>Klubrally er begynderdisciplinen indenfor rallysporten og k\u00f8res typisk p\u00e5 industriarealer og parkeringspladser med kegler som forhindringer. Kravene til udstyr er meget begr\u00e6nsede. Forts\u00e6ttelsen er&nbsp;<strong>Minirally<\/strong>&nbsp;k\u00f8res hurtigere hastighedspr\u00f8ver, men stadig p\u00e5 industriarealer, parkeringspladser og enkelte veje, dog uden ret mange kegler.<\/p>\n\n\n\n<h3 class=\"wp-block-heading\">Minirally, Rally og Rally DM<a href=\"http:\/\/m-s-s.dk\/wp-content\/uploads\/sites\/11\/2013\/02\/2016-Rally-side-4.png\"><\/a><\/h3>\n\n\n\n<p>N\u00e6ste trin p\u00e5 rallystigen hedder minirally og derefter rally. L\u00f8bene k\u00f8res hovedsageligt p\u00e5 afsp\u00e6rrede offentlige veje og lignende.<\/p>\n\n\n\n<figure class=\"wp-block-image alignleft\"><a href=\"http:\/\/m-s-s.dk\/wp-content\/uploads\/sites\/11\/2013\/02\/2016-Rally-side-5.png\"><img decoding=\"async\" src=\"http:\/\/m-s-s.dk\/wp-content\/uploads\/sites\/11\/2013\/02\/2016-Rally-side-5.png\" alt=\"2016-rally-side-5\" class=\"wp-image-4821\"\/><\/a><\/figure>\n\n\n\n<p><strong>Minirally<\/strong>&nbsp;k\u00f8res i l\u00f8bet af \u00e9n dag hvor deltagerne m\u00f8der om morgenen til kontrol og notek\u00f8rsel, derefter start af selve l\u00f8bet omkring middagstid. L\u00f8bet kan best\u00e5 af 3-4 pr\u00f8ver som k\u00f8res af to gange. Gennemg\u00e5ende hastighedspr\u00f8ver m\u00e5 dog h\u00f8st v\u00e6re 8 km lang og rundbaner h\u00f8jst 10 km. ny vej. L\u00f8bets samlede l\u00e6ngde m\u00e5 max v\u00e6re<\/p>\n\n\n\n<p>60 km. kravene til deltagernes licens og bilernes sikkerhedsudstyr er meget forskellige fra kravene i klubrally, idet der er en h\u00f8jre gennemsnits hastighed skal sikkerhedskravene v\u00e6re i orden, ifl. G\u00e6ldende regler. Se mere p\u00e5&nbsp;<a href=\"http:\/\/www.minirallysyd.dk\/\"><strong><em>minirallysyd.dk<\/em><\/strong><\/a><\/p>\n\n\n\n<figure class=\"wp-block-image alignright\"><a href=\"http:\/\/m-s-s.dk\/wp-content\/uploads\/sites\/11\/2013\/02\/2016-Rally-side-6.png\"><img decoding=\"async\" src=\"http:\/\/m-s-s.dk\/wp-content\/uploads\/sites\/11\/2013\/02\/2016-Rally-side-6.png\" alt=\"2016-rally-side-6\" class=\"wp-image-4822\"\/><\/a><\/figure>\n\n\n\n<p><strong>Rally<\/strong>&nbsp;er inddelt i to discipliner: Rally og&nbsp;<strong>Danmarksmesterskabs-rally (DM)<\/strong>. Der er ikke den store forskel fra minirally dog andre g\u00e6ldende regler. Typisk k\u00f8res et DM l\u00f8b over to dage, l\u00f8bet best\u00e5r oftest af 7-8 pr\u00f8ver der k\u00f8res af 2 gange, med bl.a. pr\u00f8vel\u00e6ngder op til 25km og dermed bliver l\u00f8bets samlede l\u00e6ngde ogs\u00e5 st\u00f8rer.<\/p>\n\n\n\n<h3 class=\"wp-block-heading\">Rallysprint<\/h3>\n\n\n\n<figure class=\"wp-block-image alignright\"><a href=\"http:\/\/m-s-s.dk\/wp-content\/uploads\/sites\/11\/2013\/02\/2016-Rally-side-7.png\"><img decoding=\"async\" src=\"http:\/\/m-s-s.dk\/wp-content\/uploads\/sites\/11\/2013\/02\/2016-Rally-side-7.png\" alt=\"2016-rally-side-7\" class=\"wp-image-4824\"\/><\/a><\/figure>\n\n\n\n<p>Der arrangeres ogs\u00e5 show lignende rally, der afvikles som rundbaner, kaldet rallysprint. Det forg\u00e5r p\u00e5 lukkede omr\u00e5der s\u00e5 som afsp\u00e6rret industriomr\u00e5der. Bl.a. i samarbejde med Yokohama motorsport, er der en tunerring i rally sprint kaldt Yokohama mesterskabet, som bliver k\u00f8rt i 2\u00d74 afdelinger hhv. i \u00f8st (Sj\u00e6lland) og i vest (Jylland) og til sidst afsluttes turneringen med en finale. For at deltage i finalen skal man i samme kalender \u00e5r v\u00e6re startet i mindst tre af de otte afdelinger, uanset landsdel. Finalen bliver afholdt omkring den f\u00f8rste weekend i november.<\/p>\n\n\n\n<p>Se mere p\u00e5&nbsp;<a href=\"http:\/\/yokohamamesterskabet.dk\/\"><strong><em>http:\/\/yokohamamesterskabet.dk<\/em><\/strong><\/a><\/p>\n\n\n\n<figure class=\"wp-block-image alignleft\"><a href=\"http:\/\/m-s-s.dk\/wp-content\/uploads\/sites\/11\/2013\/02\/2016-Rally-side-8.png\"><img decoding=\"async\" src=\"http:\/\/m-s-s.dk\/wp-content\/uploads\/sites\/11\/2013\/02\/2016-Rally-side-8.png\" alt=\"2016-rally-side-8\" class=\"wp-image-4825\"\/><\/a><\/figure>\n\n\n\n<p>Derud over k\u00f8res der en del rallysprint fordelt over hele landet. heriblandt k\u00f8res det nok mest kendte og traditionsvis rallysprint f\u00f8rst p\u00e5 s\u00e6sonen i<\/p>\n\n\n\n<p>Munck Asfalts store grusgrav ved Kongensbro mellem Viborg og \u00c5rhus. Her f\u00e5r deltager og teams fra hele landet chancen for at teste rallybilen og samtidige konkurrere mod nogen af landets bedste rallyk\u00f8re.<\/p>\n","protected":false},"excerpt":{"rendered":"<p>Vil du udfordre sidste \u00e5rs Rally mester? \u2013 eller kan mindre g\u00f8re det? Uanset dit ambitionsniveau, s\u00e5 har du fundet det rigtige sted at starte. Hvordan kommer jeg i gang med rally? Vi skal alle starte et sted, og hvis det er rallysporten, s\u00e5 starter det med klubrally. N\u00e5r du har gennemf\u00f8rt et klubrallykursus og [&hellip;]<\/p>\n","protected":false},"author":1,"featured_media":0,"parent":0,"menu_order":0,"comment_status":"closed","ping_status":"closed","template":"wp-custom-template-custom","meta":{"footnotes":""},"class_list":["post-145","page","type-page","status-publish","hentry"],"yoast_head":"<!-- This site is optimized with the Yoast SEO plugin v24.3 - https:\/\/yoast.com\/wordpress\/plugins\/seo\/ -->\n<title>Rally - Motorsport S\u00f8nderjylland<\/title>\n<meta name=\"robots\" content=\"index, follow, max-snippet:-1, max-image-preview:large, max-video-preview:-1\" \/>\n<link rel=\"canonical\" href=\"https:\/\/m-s-s.dk\/?page_id=145\" \/>\n<meta property=\"og:locale\" content=\"da_DK\" \/>\n<meta property=\"og:type\" content=\"article\" \/>\n<meta property=\"og:title\" content=\"Rally - Motorsport S\u00f8nderjylland\" \/>\n<meta property=\"og:description\" content=\"Vil du udfordre sidste \u00e5rs Rally mester? \u2013 eller kan mindre g\u00f8re det? Uanset dit ambitionsniveau, s\u00e5 har du fundet det rigtige sted at starte. Hvordan kommer jeg i gang med rally? Vi skal alle starte et sted, og hvis det er rallysporten, s\u00e5 starter det med klubrally. N\u00e5r du har gennemf\u00f8rt et klubrallykursus og [&hellip;]\" \/>\n<meta property=\"og:url\" content=\"https:\/\/m-s-s.dk\/?page_id=145\" \/>\n<meta property=\"og:site_name\" content=\"Motorsport S\u00f8nderjylland\" \/>\n<meta property=\"article:modified_time\" content=\"2025-01-30T17:56:44+00:00\" \/>\n<meta name=\"twitter:card\" content=\"summary_large_image\" \/>\n<meta name=\"twitter:label1\" content=\"Estimeret l\u00e6setid\" \/>\n\t<meta name=\"twitter:data1\" content=\"6 minutter\" \/>\n<script type=\"application\/ld+json\" class=\"yoast-schema-graph\">{\"@context\":\"https:\/\/schema.org\",\"@graph\":[{\"@type\":\"WebPage\",\"@id\":\"https:\/\/m-s-s.dk\/?page_id=145\",\"url\":\"https:\/\/m-s-s.dk\/?page_id=145\",\"name\":\"Rally - Motorsport S\u00f8nderjylland\",\"isPartOf\":{\"@id\":\"https:\/\/m-s-s.dk\/#website\"},\"primaryImageOfPage\":{\"@id\":\"https:\/\/m-s-s.dk\/?page_id=145#primaryimage\"},\"image\":{\"@id\":\"https:\/\/m-s-s.dk\/?page_id=145#primaryimage\"},\"thumbnailUrl\":\"http:\/\/m-s-s.dk\/wp-content\/uploads\/sites\/11\/2013\/02\/2016-Rally-side-1.png\",\"datePublished\":\"2025-01-28T08:50:23+00:00\",\"dateModified\":\"2025-01-30T17:56:44+00:00\",\"breadcrumb\":{\"@id\":\"https:\/\/m-s-s.dk\/?page_id=145#breadcrumb\"},\"inLanguage\":\"da-DK\",\"potentialAction\":[{\"@type\":\"ReadAction\",\"target\":[\"https:\/\/m-s-s.dk\/?page_id=145\"]}]},{\"@type\":\"ImageObject\",\"inLanguage\":\"da-DK\",\"@id\":\"https:\/\/m-s-s.dk\/?page_id=145#primaryimage\",\"url\":\"http:\/\/m-s-s.dk\/wp-content\/uploads\/sites\/11\/2013\/02\/2016-Rally-side-1.png\",\"contentUrl\":\"http:\/\/m-s-s.dk\/wp-content\/uploads\/sites\/11\/2013\/02\/2016-Rally-side-1.png\"},{\"@type\":\"BreadcrumbList\",\"@id\":\"https:\/\/m-s-s.dk\/?page_id=145#breadcrumb\",\"itemListElement\":[{\"@type\":\"ListItem\",\"position\":1,\"name\":\"Hjem\",\"item\":\"https:\/\/m-s-s.dk\/\"},{\"@type\":\"ListItem\",\"position\":2,\"name\":\"Rally\"}]},{\"@type\":\"WebSite\",\"@id\":\"https:\/\/m-s-s.dk\/#website\",\"url\":\"https:\/\/m-s-s.dk\/\",\"name\":\"Motorsport S\u00f8nderjylland\",\"description\":\"\",\"potentialAction\":[{\"@type\":\"SearchAction\",\"target\":{\"@type\":\"EntryPoint\",\"urlTemplate\":\"https:\/\/m-s-s.dk\/?s={search_term_string}\"},\"query-input\":{\"@type\":\"PropertyValueSpecification\",\"valueRequired\":true,\"valueName\":\"search_term_string\"}}],\"inLanguage\":\"da-DK\"}]}<\/script>\n<!-- \/ Yoast SEO plugin. -->","yoast_head_json":{"title":"Rally - Motorsport S\u00f8nderjylland","robots":{"index":"index","follow":"follow","max-snippet":"max-snippet:-1","max-image-preview":"max-image-preview:large","max-video-preview":"max-video-preview:-1"},"canonical":"https:\/\/m-s-s.dk\/?page_id=145","og_locale":"da_DK","og_type":"article","og_title":"Rally - Motorsport S\u00f8nderjylland","og_description":"Vil du udfordre sidste \u00e5rs Rally mester? \u2013 eller kan mindre g\u00f8re det? Uanset dit ambitionsniveau, s\u00e5 har du fundet det rigtige sted at starte. Hvordan kommer jeg i gang med rally? Vi skal alle starte et sted, og hvis det er rallysporten, s\u00e5 starter det med klubrally. N\u00e5r du har gennemf\u00f8rt et klubrallykursus og [&hellip;]","og_url":"https:\/\/m-s-s.dk\/?page_id=145","og_site_name":"Motorsport S\u00f8nderjylland","article_modified_time":"2025-01-30T17:56:44+00:00","twitter_card":"summary_large_image","twitter_misc":{"Estimeret l\u00e6setid":"6 minutter"},"schema":{"@context":"https:\/\/schema.org","@graph":[{"@type":"WebPage","@id":"https:\/\/m-s-s.dk\/?page_id=145","url":"https:\/\/m-s-s.dk\/?page_id=145","name":"Rally - Motorsport S\u00f8nderjylland","isPartOf":{"@id":"https:\/\/m-s-s.dk\/#website"},"primaryImageOfPage":{"@id":"https:\/\/m-s-s.dk\/?page_id=145#primaryimage"},"image":{"@id":"https:\/\/m-s-s.dk\/?page_id=145#primaryimage"},"thumbnailUrl":"http:\/\/m-s-s.dk\/wp-content\/uploads\/sites\/11\/2013\/02\/2016-Rally-side-1.png","datePublished":"2025-01-28T08:50:23+00:00","dateModified":"2025-01-30T17:56:44+00:00","breadcrumb":{"@id":"https:\/\/m-s-s.dk\/?page_id=145#breadcrumb"},"inLanguage":"da-DK","potentialAction":[{"@type":"ReadAction","target":["https:\/\/m-s-s.dk\/?page_id=145"]}]},{"@type":"ImageObject","inLanguage":"da-DK","@id":"https:\/\/m-s-s.dk\/?page_id=145#primaryimage","url":"http:\/\/m-s-s.dk\/wp-content\/uploads\/sites\/11\/2013\/02\/2016-Rally-side-1.png","contentUrl":"http:\/\/m-s-s.dk\/wp-content\/uploads\/sites\/11\/2013\/02\/2016-Rally-side-1.png"},{"@type":"BreadcrumbList","@id":"https:\/\/m-s-s.dk\/?page_id=145#breadcrumb","itemListElement":[{"@type":"ListItem","position":1,"name":"Hjem","item":"https:\/\/m-s-s.dk\/"},{"@type":"ListItem","position":2,"name":"Rally"}]},{"@type":"WebSite","@id":"https:\/\/m-s-s.dk\/#website","url":"https:\/\/m-s-s.dk\/","name":"Motorsport S\u00f8nderjylland","description":"","potentialAction":[{"@type":"SearchAction","target":{"@type":"EntryPoint","urlTemplate":"https:\/\/m-s-s.dk\/?s={search_term_string}"},"query-input":{"@type":"PropertyValueSpecification","valueRequired":true,"valueName":"search_term_string"}}],"inLanguage":"da-DK"}]}},"_links":{"self":[{"href":"https:\/\/m-s-s.dk\/index.php?rest_route=\/wp\/v2\/pages\/145","targetHints":{"allow":["GET"]}}],"collection":[{"href":"https:\/\/m-s-s.dk\/index.php?rest_route=\/wp\/v2\/pages"}],"about":[{"href":"https:\/\/m-s-s.dk\/index.php?rest_route=\/wp\/v2\/types\/page"}],"author":[{"embeddable":true,"href":"https:\/\/m-s-s.dk\/index.php?rest_route=\/wp\/v2\/users\/1"}],"replies":[{"embeddable":true,"href":"https:\/\/m-s-s.dk\/index.php?rest_route=%2Fwp%2Fv2%2Fcomments&post=145"}],"version-history":[{"count":1,"href":"https:\/\/m-s-s.dk\/index.php?rest_route=\/wp\/v2\/pages\/145\/revisions"}],"predecessor-version":[{"id":147,"href":"https:\/\/m-s-s.dk\/index.php?rest_route=\/wp\/v2\/pages\/145\/revisions\/147"}],"wp:attachment":[{"href":"https:\/\/m-s-s.dk\/index.php?rest_route=%2Fwp%2Fv2%2Fmedia&parent=145"}],"curies":[{"name":"wp","href":"https:\/\/api.w.org\/{rel}","templated":true}]}}