{"id":109,"date":"2025-01-24T12:18:20","date_gmt":"2025-01-24T12:18:20","guid":{"rendered":"https:\/\/m-s-s.dk.wintherhedegaard.dk\/?page_id=109"},"modified":"2025-10-07T16:35:03","modified_gmt":"2025-10-07T16:35:03","slug":"109-2","status":"publish","type":"page","link":"https:\/\/m-s-s.dk\/","title":{"rendered":"Forside"},"content":{"rendered":"<ul style=\"padding-bottom:0;padding-top:0;margin-bottom:0;margin-right:0;margin-left:0;margin-top:0;\" class=\"wp-block-latest-posts__list has-dates has-author wp-block-latest-posts has-medium-font-size\"><li><a class=\"wp-block-latest-posts__post-title\" href=\"https:\/\/m-s-s.dk\/?p=266\">Nyhedsbrev 2026<\/a><div class=\"wp-block-latest-posts__post-author\">af admin<\/div><time datetime=\"2026-03-27T08:52:55+00:00\" class=\"wp-block-latest-posts__post-date\">marts 27, 2026<\/time><div class=\"wp-block-latest-posts__post-full-content\"><!-- wp:file {\"id\":267,\"href\":\"https:\/\/m-s-s.dk\/wp-content\/uploads\/2026\/03\/Nyhedsbrev2026.docx\"} -->\n<div class=\"wp-block-file\"><a id=\"wp-block-file--media-8d8bf8f6-e5d0-4353-be71-b816a7478f7c\" href=\"https:\/\/m-s-s.dk\/wp-content\/uploads\/2026\/03\/Nyhedsbrev2026.docx\">Nyhedsbrev2026<\/a><a href=\"https:\/\/m-s-s.dk\/wp-content\/uploads\/2026\/03\/Nyhedsbrev2026.docx\" class=\"wp-block-file__button wp-element-button\" download aria-describedby=\"wp-block-file--media-8d8bf8f6-e5d0-4353-be71-b816a7478f7c\">Download<\/a><\/div>\n<!-- \/wp:file -->\n\n<!-- wp:paragraph -->\n<p>Vi har f\u00e5et lavet et nyhedsbrev med aktivitetskalenderen for 2026. Download den herover.<\/p>\n<!-- \/wp:paragraph -->\n\n<!-- wp:paragraph -->\n<p>&#8212;&#8212;&#8212;&#8212;&#8212;&#8212;&#8212;&#8212;&#8212;&#8212;&#8212;&#8212;&#8212;&#8212;&#8212;&#8212;&#8212;&#8212;&#8212;&#8212;&#8212;&#8212;&#8212;&#8212;&#8212;&#8212;-<\/p>\n<!-- \/wp:paragraph --><\/div><\/li>\n<li><a class=\"wp-block-latest-posts__post-title\" href=\"https:\/\/m-s-s.dk\/?p=261\">Referat fra generalforsamling torsdag d. 26.2.2026<\/a><div class=\"wp-block-latest-posts__post-author\">af admin<\/div><time datetime=\"2026-03-08T16:31:40+00:00\" class=\"wp-block-latest-posts__post-date\">marts 8, 2026<\/time><div class=\"wp-block-latest-posts__post-full-content\"><!-- wp:file {\"id\":262,\"href\":\"https:\/\/m-s-s.dk\/wp-content\/uploads\/2026\/03\/Generalforsamling-2026.docx\"} -->\n<div class=\"wp-block-file\"><a id=\"wp-block-file--media-e4477a67-594a-479e-9953-f0391cba7563\" href=\"https:\/\/m-s-s.dk\/wp-content\/uploads\/2026\/03\/Generalforsamling-2026.docx\">Generalforsamling 2026<\/a><a href=\"https:\/\/m-s-s.dk\/wp-content\/uploads\/2026\/03\/Generalforsamling-2026.docx\" class=\"wp-block-file__button wp-element-button\" download aria-describedby=\"wp-block-file--media-e4477a67-594a-479e-9953-f0391cba7563\">Download<\/a><\/div>\n<!-- \/wp:file -->\n\n<!-- wp:paragraph -->\n<p>Her er referatet fra generalforsamlingen torsdag d. 26.2.2026<\/p>\n<!-- \/wp:paragraph -->\n\n<!-- wp:paragraph -->\n<p>&#8212;&#8212;&#8212;&#8212;&#8212;&#8212;&#8212;&#8212;&#8212;&#8212;&#8212;&#8212;&#8212;&#8212;&#8212;&#8212;&#8212;&#8212;&#8212;&#8212;&#8212;&#8212;&#8212;&#8212;&#8212;&#8212;-<\/p>\n<!-- \/wp:paragraph --><\/div><\/li>\n<li><a class=\"wp-block-latest-posts__post-title\" href=\"https:\/\/m-s-s.dk\/?p=255\">Motor Sport S\u00f8nderjylland indkalder hermed til den \u00e5rlige generalforsamling.<\/a><div class=\"wp-block-latest-posts__post-author\">af admin<\/div><time datetime=\"2026-02-02T11:17:49+00:00\" class=\"wp-block-latest-posts__post-date\">februar 2, 2026<\/time><div class=\"wp-block-latest-posts__post-full-content\"><!-- wp:paragraph -->\n<p>Generalforsamlingen afholdes:<br>Torsdag d. 26. februar 2026 kl. 19.00 p\u00e5<br>Holb\u00f8l Landbohjem<br>Storegade 14, Holb\u00f8l, 6340 Krus\u00e5<br>Dagsorden iflg. Vedt\u00e6gterne.<br>1 Valg af dirigent<br>2 Formandens beretning om aktiviteter i det forl\u00f8bne \u00e5r freml\u00e6gges til godkendelse<br>3.Det reviderede regnskab freml\u00e6gges til godkendelse.<br>4 Eksklusion af medlemmer<br>5 Behandling af indkomne forslag.<br>6 Bestyrelsens meddelelse om kontingent for det kommende \u00e5r.<br>7 Valg af formand<br>8 Valg af udvalgsform\u00e6nd<br>9 Valg af bestyrelsesmedlemmer for 2 \u00e5r<br>10 Valg af bestyrelsesmedlemmer for 1 \u00e5r<br>11Valg af suppleanter<br>12 Valg af 2 revisorer og 1 revisorsuppleant<br>13 Eventuelt<br>Det g\u00f8res opm\u00e6rksom p\u00e5, at indkomne forslag, der \u00f8nskes behandlet p\u00e5 klubbens Generalforsamling skal<br>v\u00e6re formanden i h\u00e6nde senest mandag inden generalforsamlingen.<\/p>\n<!-- \/wp:paragraph -->\n\n<!-- wp:separator -->\n<hr class=\"wp-block-separator has-alpha-channel-opacity\" \/>\n<!-- \/wp:separator -->\n\n<!-- wp:paragraph -->\n<p>F\u00f8lgende er p\u00e5 valg:<br>Formand v\u00e6lges for 1 \u00e5r<br>Karin Niebuhr : modtager genvalg<br>Bestyrelsesmedlemmer, der er p\u00e5 valg:<br>For 2 \u00e5r: Leif Jensen (modtager ikke genvalg)<br>Lisbeth Nissen (modtager genvalg)<br>Diana Klaastad (modtager genvalg)<br>Der skal v\u00e6lges et nyt bestyrelsesmedlem<br>For 1 \u00e5r Brian Kjeldsen udtr\u00e6der af bestyrelsen pga sygdom<br>Der skal v\u00e6lges et nyt bestyrelsesmedlem.<\/p>\n<!-- \/wp:paragraph -->\n\n<!-- wp:paragraph -->\n<p>Suppleanter v\u00e6lges<br>for 1 \u00e5r: Gudrun Larsen: modtager genvalg<br>Kim Hansen<\/p>\n<!-- \/wp:paragraph -->\n\n<!-- wp:paragraph -->\n<p>2 revisorer<br>V\u00e6lges for 1 \u00e5r Gudrun Larsen: modtager genvalg<br>Allan Henckel (modtager genvalg)<br>Valg af revisorsuppleant: Rasmus J\u00f8rgensen<br>Allan Henckel opstiller til bestyrelsen<br>Michael Terkildsen opstiller til bestyrelsen<br>Pia Klaastad opstiller som revisor<\/p>\n<!-- \/wp:paragraph --><\/div><\/li>\n<li><a class=\"wp-block-latest-posts__post-title\" href=\"https:\/\/m-s-s.dk\/?p=253\">Referat fra bestyrelsesm\u00f8de\u00a0i MSS\u00a0s\u00f8ndag\u00a0d.\u00a018. januar 2026 kl. 10\u00a0<\/a><div class=\"wp-block-latest-posts__post-author\">af admin<\/div><time datetime=\"2026-01-27T08:20:47+00:00\" class=\"wp-block-latest-posts__post-date\">januar 27, 2026<\/time><div class=\"wp-block-latest-posts__post-full-content\"><!-- wp:file {\"id\":258,\"href\":\"https:\/\/m-s-s.dk\/wp-content\/uploads\/2026\/01\/Referat-bestyrelsesmoede-soendag-d.-18.januar-2026-kl.-10-hos-Diana.docx\"} -->\n<div class=\"wp-block-file\"><a id=\"wp-block-file--media-723bbc1e-e456-4f0b-bb5b-b613409b4dbe\" href=\"https:\/\/m-s-s.dk\/wp-content\/uploads\/2026\/01\/Referat-bestyrelsesmoede-soendag-d.-18.januar-2026-kl.-10-hos-Diana.docx\">Referat bestyrelsesm\u00f8de s\u00f8ndag d. 18.januar 2026 kl. 10 hos Diana.<\/a><a href=\"https:\/\/m-s-s.dk\/wp-content\/uploads\/2026\/01\/Referat-bestyrelsesmoede-soendag-d.-18.januar-2026-kl.-10-hos-Diana.docx\" class=\"wp-block-file__button wp-element-button\" download aria-describedby=\"wp-block-file--media-723bbc1e-e456-4f0b-bb5b-b613409b4dbe\">Download<\/a><\/div>\n<!-- \/wp:file -->\n\n<!-- wp:paragraph -->\n<p><\/p>\n<!-- \/wp:paragraph --><\/div><\/li>\n<li><a class=\"wp-block-latest-posts__post-title\" href=\"https:\/\/m-s-s.dk\/?p=250\">2026 licens<\/a><div class=\"wp-block-latest-posts__post-author\">af admin<\/div><time datetime=\"2026-01-05T14:45:22+00:00\" class=\"wp-block-latest-posts__post-date\">januar 5, 2026<\/time><div class=\"wp-block-latest-posts__post-full-content\"><!-- wp:paragraph -->\n<p>L\u00d8S DIN LICENS TIDLIGT<\/p>\n<!-- \/wp:paragraph -->\n\n<!-- wp:paragraph -->\n<p>SPAR 25 %<\/p>\n<!-- \/wp:paragraph -->\n\n<!-- wp:paragraph -->\n<p>Dasu skriver i Autosport nr 6 (december 2025) hvorledes du kan spare 25 % ved at indl\u00f8se din k\u00f8rerlicens allerede i januar m\u00e5ned 2026.<\/p>\n<!-- \/wp:paragraph -->\n\n<!-- wp:paragraph -->\n<p>L\u00e6s mere om, hvorledes du g\u00f8r, ved at g\u00e5 ind i Autosport nr 6 (sidste side i den trykte udgave).<\/p>\n<!-- \/wp:paragraph -->\n\n<!-- wp:paragraph -->\n<p>Venlig hilsen<\/p>\n<!-- \/wp:paragraph -->\n\n<!-- wp:paragraph -->\n<p>Bestyrelsen i MSS<\/p>\n<!-- \/wp:paragraph --><\/div><\/li>\n<\/ul>\n\n\n<p><\/p>\n","protected":false},"excerpt":{"rendered":"","protected":false},"author":1,"featured_media":0,"parent":0,"menu_order":0,"comment_status":"closed","ping_status":"closed","template":"wp-custom-template-custom","meta":{"footnotes":""},"class_list":["post-109","page","type-page","status-publish","hentry"],"yoast_head":"<!-- This site is optimized with the Yoast SEO plugin v24.3 - https:\/\/yoast.com\/wordpress\/plugins\/seo\/ -->\n<title>Forside - Motorsport S\u00f8nderjylland<\/title>\n<meta name=\"robots\" content=\"index, follow, max-snippet:-1, max-image-preview:large, max-video-preview:-1\" \/>\n<link rel=\"canonical\" href=\"https:\/\/m-s-s.dk\/\" \/>\n<meta property=\"og:locale\" content=\"da_DK\" \/>\n<meta property=\"og:type\" content=\"article\" \/>\n<meta property=\"og:title\" content=\"Forside - Motorsport S\u00f8nderjylland\" \/>\n<meta property=\"og:url\" content=\"https:\/\/m-s-s.dk\/\" \/>\n<meta property=\"og:site_name\" content=\"Motorsport S\u00f8nderjylland\" \/>\n<meta property=\"article:modified_time\" content=\"2025-10-07T16:35:03+00:00\" \/>\n<meta name=\"twitter:card\" content=\"summary_large_image\" \/>\n<script type=\"application\/ld+json\" class=\"yoast-schema-graph\">{\"@context\":\"https:\/\/schema.org\",\"@graph\":[{\"@type\":\"WebPage\",\"@id\":\"https:\/\/m-s-s.dk\/\",\"url\":\"https:\/\/m-s-s.dk\/\",\"name\":\"Forside - Motorsport S\u00f8nderjylland\",\"isPartOf\":{\"@id\":\"https:\/\/m-s-s.dk\/#website\"},\"datePublished\":\"2025-01-24T12:18:20+00:00\",\"dateModified\":\"2025-10-07T16:35:03+00:00\",\"breadcrumb\":{\"@id\":\"https:\/\/m-s-s.dk\/#breadcrumb\"},\"inLanguage\":\"da-DK\",\"potentialAction\":[{\"@type\":\"ReadAction\",\"target\":[\"https:\/\/m-s-s.dk\/\"]}]},{\"@type\":\"BreadcrumbList\",\"@id\":\"https:\/\/m-s-s.dk\/#breadcrumb\",\"itemListElement\":[{\"@type\":\"ListItem\",\"position\":1,\"name\":\"Hjem\",\"item\":\"https:\/\/m-s-s.dk\/\"},{\"@type\":\"ListItem\",\"position\":2,\"name\":\"Forside\"}]},{\"@type\":\"WebSite\",\"@id\":\"https:\/\/m-s-s.dk\/#website\",\"url\":\"https:\/\/m-s-s.dk\/\",\"name\":\"Motorsport S\u00f8nderjylland\",\"description\":\"\",\"potentialAction\":[{\"@type\":\"SearchAction\",\"target\":{\"@type\":\"EntryPoint\",\"urlTemplate\":\"https:\/\/m-s-s.dk\/?s={search_term_string}\"},\"query-input\":{\"@type\":\"PropertyValueSpecification\",\"valueRequired\":true,\"valueName\":\"search_term_string\"}}],\"inLanguage\":\"da-DK\"}]}<\/script>\n<!-- \/ Yoast SEO plugin. -->","yoast_head_json":{"title":"Forside - Motorsport S\u00f8nderjylland","robots":{"index":"index","follow":"follow","max-snippet":"max-snippet:-1","max-image-preview":"max-image-preview:large","max-video-preview":"max-video-preview:-1"},"canonical":"https:\/\/m-s-s.dk\/","og_locale":"da_DK","og_type":"article","og_title":"Forside - Motorsport S\u00f8nderjylland","og_url":"https:\/\/m-s-s.dk\/","og_site_name":"Motorsport S\u00f8nderjylland","article_modified_time":"2025-10-07T16:35:03+00:00","twitter_card":"summary_large_image","schema":{"@context":"https:\/\/schema.org","@graph":[{"@type":"WebPage","@id":"https:\/\/m-s-s.dk\/","url":"https:\/\/m-s-s.dk\/","name":"Forside - Motorsport S\u00f8nderjylland","isPartOf":{"@id":"https:\/\/m-s-s.dk\/#website"},"datePublished":"2025-01-24T12:18:20+00:00","dateModified":"2025-10-07T16:35:03+00:00","breadcrumb":{"@id":"https:\/\/m-s-s.dk\/#breadcrumb"},"inLanguage":"da-DK","potentialAction":[{"@type":"ReadAction","target":["https:\/\/m-s-s.dk\/"]}]},{"@type":"BreadcrumbList","@id":"https:\/\/m-s-s.dk\/#breadcrumb","itemListElement":[{"@type":"ListItem","position":1,"name":"Hjem","item":"https:\/\/m-s-s.dk\/"},{"@type":"ListItem","position":2,"name":"Forside"}]},{"@type":"WebSite","@id":"https:\/\/m-s-s.dk\/#website","url":"https:\/\/m-s-s.dk\/","name":"Motorsport S\u00f8nderjylland","description":"","potentialAction":[{"@type":"SearchAction","target":{"@type":"EntryPoint","urlTemplate":"https:\/\/m-s-s.dk\/?s={search_term_string}"},"query-input":{"@type":"PropertyValueSpecification","valueRequired":true,"valueName":"search_term_string"}}],"inLanguage":"da-DK"}]}},"_links":{"self":[{"href":"https:\/\/m-s-s.dk\/index.php?rest_route=\/wp\/v2\/pages\/109","targetHints":{"allow":["GET"]}}],"collection":[{"href":"https:\/\/m-s-s.dk\/index.php?rest_route=\/wp\/v2\/pages"}],"about":[{"href":"https:\/\/m-s-s.dk\/index.php?rest_route=\/wp\/v2\/types\/page"}],"author":[{"embeddable":true,"href":"https:\/\/m-s-s.dk\/index.php?rest_route=\/wp\/v2\/users\/1"}],"replies":[{"embeddable":true,"href":"https:\/\/m-s-s.dk\/index.php?rest_route=%2Fwp%2Fv2%2Fcomments&post=109"}],"version-history":[{"count":9,"href":"https:\/\/m-s-s.dk\/index.php?rest_route=\/wp\/v2\/pages\/109\/revisions"}],"predecessor-version":[{"id":231,"href":"https:\/\/m-s-s.dk\/index.php?rest_route=\/wp\/v2\/pages\/109\/revisions\/231"}],"wp:attachment":[{"href":"https:\/\/m-s-s.dk\/index.php?rest_route=%2Fwp%2Fv2%2Fmedia&parent=109"}],"curies":[{"name":"wp","href":"https:\/\/api.w.org\/{rel}","templated":true}]}}